{"id":25,"date":"2026-03-09T17:28:17","date_gmt":"2026-03-09T14:28:17","guid":{"rendered":"https:\/\/lale.dostumbenim.com\/?page_id=25"},"modified":"2026-03-10T12:01:35","modified_gmt":"2026-03-10T09:01:35","slug":"hakkimizda","status":"publish","type":"page","link":"https:\/\/lale.dostumbenim.com\/index.php\/hakkimizda\/","title":{"rendered":"Hakk\u0131m\u0131zda"},"content":{"rendered":"\t\t<div data-elementor-type=\"wp-page\" data-elementor-id=\"25\" class=\"elementor elementor-25\">\n\t\t\t\t<div class=\"elementor-element elementor-element-1ec1075 e-grid e-con-boxed e-con e-parent\" data-id=\"1ec1075\" data-element_type=\"container\" data-e-type=\"container\">\n\t\t\t\t\t<div class=\"e-con-inner\">\n\t\t<div class=\"elementor-element elementor-element-856b151 touch-span-2 e-flex e-con-boxed e-con e-child\" data-id=\"856b151\" data-element_type=\"container\" data-e-type=\"container\">\n\t\t\t\t\t<div class=\"e-con-inner\">\n\t\t\t\t<div class=\"elementor-element elementor-element-ca40514 elementor-widget elementor-widget-heading\" data-id=\"ca40514\" data-element_type=\"widget\" data-e-type=\"widget\" data-widget_type=\"heading.default\">\n\t\t\t\t\t<h2 class=\"elementor-heading-title elementor-size-default\">1979'tan Bu Yana<\/h2>\t\t\t\t<\/div>\n\t\t\t\t<div class=\"elementor-element elementor-element-ba35b3b elementor-widget elementor-widget-text-editor\" data-id=\"ba35b3b\" data-element_type=\"widget\" data-e-type=\"widget\" data-widget_type=\"text-editor.default\">\n\t\t\t\t\t\t\t\t\t<p><strong>Lale Pide Salonu<\/strong><\/p>\n<p>1979 y\u0131l\u0131nda Afyonkarahisar&#8217;da tek \u015fube ile y\u00fcksek kaliteli yemekler sunma amac\u0131yla kurulmu\u015ftur. Kurulu\u015fundan bu yana, Afyonkarahisar halk\u0131n\u0131n de\u011ferli deste\u011fi ile hem yerel hem de ulusal d\u00fczeyde bir\u00e7ok misafire hizmet vermektedir.<\/p>\n<p>Ba\u015flang\u0131\u00e7ta sadece Afyonkarahisar&#8217;\u0131 hedefleyen Lale Pide, bug\u00fcn T\u00fcrkiye&#8217;nin d\u00f6rt bir yan\u0131ndan gelen ziyaret\u00e7ileri a\u011f\u0131rlaman\u0131n gururunu ya\u015famaktad\u0131r.<br>Lale Pide, \u00fcr\u00fcn \u00e7e\u015fitlili\u011fi, m\u00fc\u015fteri memnuniyeti ve \u00f6zg\u00fcn tarifler ile misafirlerine unutulmaz bir yemek deneyimi sunmaktad\u0131r. Afyonkarahisar&#8217;\u0131n sevilen ve sayg\u0131 duyulan bir restoran\u0131 olarak, geleneksel lezzetlerle misafirlerini a\u011f\u0131rlamaktan b\u00fcy\u00fck gurur duymaktad\u0131r<\/p>\t\t\t\t\t\t\t\t<\/div>\n\t\t\t\t\t<\/div>\n\t\t\t\t<\/div>\n\t\t<div class=\"elementor-element elementor-element-4f418bb e-flex e-con-boxed e-con e-child\" data-id=\"4f418bb\" data-element_type=\"container\" data-e-type=\"container\">\n\t\t\t\t\t<div class=\"e-con-inner\">\n\t\t\t\t<div class=\"elementor-element elementor-element-f9592f4 elementor-widget elementor-widget-image\" data-id=\"f9592f4\" data-element_type=\"widget\" data-e-type=\"widget\" data-widget_type=\"image.default\">\n\t\t\t\t\t\t\t\t\t\t\t\t\t\t\t<img fetchpriority=\"high\" decoding=\"async\" width=\"1674\" height=\"2560\" src=\"https:\/\/lale.dostumbenim.com\/wp-content\/uploads\/2026\/03\/laleeskiresimler-6-temiz-scaled-1.jpg\" class=\"attachment-full size-full wp-image-285\" alt=\"\" srcset=\"https:\/\/lale.dostumbenim.com\/wp-content\/uploads\/2026\/03\/laleeskiresimler-6-temiz-scaled-1.jpg 1674w, https:\/\/lale.dostumbenim.com\/wp-content\/uploads\/2026\/03\/laleeskiresimler-6-temiz-scaled-1-196x300.jpg 196w, https:\/\/lale.dostumbenim.com\/wp-content\/uploads\/2026\/03\/laleeskiresimler-6-temiz-scaled-1-670x1024.jpg 670w, https:\/\/lale.dostumbenim.com\/wp-content\/uploads\/2026\/03\/laleeskiresimler-6-temiz-scaled-1-768x1174.jpg 768w, https:\/\/lale.dostumbenim.com\/wp-content\/uploads\/2026\/03\/laleeskiresimler-6-temiz-scaled-1-1004x1536.jpg 1004w, https:\/\/lale.dostumbenim.com\/wp-content\/uploads\/2026\/03\/laleeskiresimler-6-temiz-scaled-1-1339x2048.jpg 1339w, https:\/\/lale.dostumbenim.com\/wp-content\/uploads\/2026\/03\/laleeskiresimler-6-temiz-scaled-1-600x918.jpg 600w\" sizes=\"(max-width: 1674px) 100vw, 1674px\" \/>\t\t\t\t\t\t\t\t\t\t\t\t\t\t\t<\/div>\n\t\t\t\t\t<\/div>\n\t\t\t\t<\/div>\n\t\t\t\t\t<\/div>\n\t\t\t\t<\/div>\n\t\t<div class=\"elementor-element elementor-element-3d7c4b1 e-grid e-con-boxed e-con e-parent\" data-id=\"3d7c4b1\" data-element_type=\"container\" data-e-type=\"container\">\n\t\t\t\t\t<div class=\"e-con-inner\">\n\t\t<div class=\"elementor-element elementor-element-7e0487a e-flex e-con-boxed e-con e-child\" data-id=\"7e0487a\" data-element_type=\"container\" data-e-type=\"container\">\n\t\t\t\t\t<div class=\"e-con-inner\">\n\t\t\t\t<div class=\"elementor-element elementor-element-ceace10 elementor-widget elementor-widget-image\" data-id=\"ceace10\" data-element_type=\"widget\" data-e-type=\"widget\" data-widget_type=\"image.default\">\n\t\t\t\t\t\t\t\t\t\t\t\t\t\t\t<img decoding=\"async\" width=\"1600\" height=\"1068\" src=\"https:\/\/lale.dostumbenim.com\/wp-content\/uploads\/2026\/03\/HAYVAN-rs.jpg\" class=\"attachment-full size-full wp-image-286\" alt=\"\" srcset=\"https:\/\/lale.dostumbenim.com\/wp-content\/uploads\/2026\/03\/HAYVAN-rs.jpg 1600w, https:\/\/lale.dostumbenim.com\/wp-content\/uploads\/2026\/03\/HAYVAN-rs-300x200.jpg 300w, https:\/\/lale.dostumbenim.com\/wp-content\/uploads\/2026\/03\/HAYVAN-rs-1024x684.jpg 1024w, https:\/\/lale.dostumbenim.com\/wp-content\/uploads\/2026\/03\/HAYVAN-rs-768x513.jpg 768w, https:\/\/lale.dostumbenim.com\/wp-content\/uploads\/2026\/03\/HAYVAN-rs-1536x1025.jpg 1536w, https:\/\/lale.dostumbenim.com\/wp-content\/uploads\/2026\/03\/HAYVAN-rs-600x401.jpg 600w\" sizes=\"(max-width: 1600px) 100vw, 1600px\" \/>\t\t\t\t\t\t\t\t\t\t\t\t\t\t\t<\/div>\n\t\t\t\t\t<\/div>\n\t\t\t\t<\/div>\n\t\t<div class=\"elementor-element elementor-element-facce63 touch-span-2 e-flex e-con-boxed e-con e-child\" data-id=\"facce63\" data-element_type=\"container\" data-e-type=\"container\">\n\t\t\t\t\t<div class=\"e-con-inner\">\n\t\t\t\t<div class=\"elementor-element elementor-element-a28a253 elementor-widget elementor-widget-heading\" data-id=\"a28a253\" data-element_type=\"widget\" data-e-type=\"widget\" data-widget_type=\"heading.default\">\n\t\t\t\t\t<h2 class=\"elementor-heading-title elementor-size-default\">%100 Yerli Hayvanlar<\/h2>\t\t\t\t<\/div>\n\t\t\t\t<div class=\"elementor-element elementor-element-c030071 elementor-widget elementor-widget-text-editor\" data-id=\"c030071\" data-element_type=\"widget\" data-e-type=\"widget\" data-widget_type=\"text-editor.default\">\n\t\t\t\t\t\t\t\t\t<p>Men\u00fcs\u00fcnde Afyonkarahisar&#8217;\u0131n geleneksel lezzetlerinin yan\u0131 s\u0131ra, d\u00f6ner, \u00e7orba ve tatl\u0131 gibi \u00e7e\u015fitli se\u00e7enekler bulunmaktad\u0131r. Ke\u015fkek, tand\u0131r \u00e7orbas\u0131 ve ekmek aras\u0131 et d\u00f6ner gibi \u00f6zel lezzetler ile yerel ve milli tatlar\u0131 harmanlamaktad\u0131r. Ayr\u0131ca, t\u00fcm \u00fcr\u00fcnlerinde %100 yerli hayvanlar\u0131 kullanarak kalite ve do\u011fall\u0131\u011f\u0131n\u0131 korumaktad\u0131r.<\/p><p>M\u00fc\u015fteri memnuniyetine b\u00fcy\u00fck \u00f6nem veren Lale Pide, kap\u0131lar\u0131n\u0131 a\u00e7t\u0131\u011f\u0131 ilk g\u00fcnden itibaren her bir misafiri g\u00fcler y\u00fczle kar\u015f\u0131lamak, isteklerini yerine getirmek ve ya\u015fanan sorunlar\u0131 \u00e7\u00f6zmek i\u00e7in b\u00fcy\u00fck \u00e7aba g\u00f6stermektedir. Bu yakla\u015f\u0131m, restorana y\u0131llar boyu s\u00fcregelen kaliteli bir restoran imaj\u0131 kazand\u0131rm\u0131\u015ft\u0131r.<\/p><p>Lale Pide, m\u00fc\u015fterilerinin y\u0131llar sonra bile ayn\u0131 lezzetleri tatmalar\u0131n\u0131 sa\u011flamak i\u00e7in s\u00fcrekli olarak \u00e7al\u0131\u015fmalar\u0131na devam etmektedir ve Afyonkarahisar&#8217;\u0131n k\u00fclt\u00fcrel miras\u0131n\u0131 ya\u015fatmaya \u00f6zen g\u00f6stermektedir.<\/p>\t\t\t\t\t\t\t\t<\/div>\n\t\t\t\t\t<\/div>\n\t\t\t\t<\/div>\n\t\t\t\t\t<\/div>\n\t\t\t\t<\/div>\n\t\t\t\t<\/div>\n\t\t","protected":false},"excerpt":{"rendered":"<p>1979&#8217;tan Bu Yana Lale Pide Salonu 1979 y\u0131l\u0131nda Afyonkarahisar&#8217;da tek \u015fube ile y\u00fcksek kaliteli yemekler sunma amac\u0131yla kurulmu\u015ftur. Kurulu\u015fundan bu yana, Afyonkarahisar halk\u0131n\u0131n de\u011ferli deste\u011fi ile hem yerel hem de ulusal d\u00fczeyde bir\u00e7ok misafire hizmet vermektedir. Ba\u015flang\u0131\u00e7ta sadece Afyonkarahisar&#8217;\u0131 hedefleyen Lale Pide, bug\u00fcn T\u00fcrkiye&#8217;nin d\u00f6rt bir yan\u0131ndan gelen ziyaret\u00e7ileri a\u011f\u0131rlaman\u0131n gururunu ya\u015famaktad\u0131r.Lale Pide, \u00fcr\u00fcn \u00e7e\u015fitlili\u011fi, [&hellip;]<\/p>\n","protected":false},"author":1,"featured_media":0,"parent":0,"menu_order":0,"comment_status":"closed","ping_status":"closed","template":"","meta":{"footnotes":""},"class_list":["post-25","page","type-page","status-publish","hentry"],"blocksy_meta":[],"_links":{"self":[{"href":"https:\/\/lale.dostumbenim.com\/index.php\/wp-json\/wp\/v2\/pages\/25","targetHints":{"allow":["GET"]}}],"collection":[{"href":"https:\/\/lale.dostumbenim.com\/index.php\/wp-json\/wp\/v2\/pages"}],"about":[{"href":"https:\/\/lale.dostumbenim.com\/index.php\/wp-json\/wp\/v2\/types\/page"}],"author":[{"embeddable":true,"href":"https:\/\/lale.dostumbenim.com\/index.php\/wp-json\/wp\/v2\/users\/1"}],"replies":[{"embeddable":true,"href":"https:\/\/lale.dostumbenim.com\/index.php\/wp-json\/wp\/v2\/comments?post=25"}],"version-history":[{"count":4,"href":"https:\/\/lale.dostumbenim.com\/index.php\/wp-json\/wp\/v2\/pages\/25\/revisions"}],"predecessor-version":[{"id":295,"href":"https:\/\/lale.dostumbenim.com\/index.php\/wp-json\/wp\/v2\/pages\/25\/revisions\/295"}],"wp:attachment":[{"href":"https:\/\/lale.dostumbenim.com\/index.php\/wp-json\/wp\/v2\/media?parent=25"}],"curies":[{"name":"wp","href":"https:\/\/api.w.org\/{rel}","templated":true}]}}