{"id":733,"date":"2026-03-30T16:16:22","date_gmt":"2026-03-30T13:16:22","guid":{"rendered":"https:\/\/lale.dostumbenim.com\/index.php\/urun\/ant-mini-cifte-kavrulmus\/"},"modified":"2026-04-14T17:21:21","modified_gmt":"2026-04-14T14:21:21","slug":"ant-mini-cifte-kavrulmus","status":"publish","type":"product","link":"https:\/\/lale.dostumbenim.com\/index.php\/urun\/ant-mini-cifte-kavrulmus\/","title":{"rendered":"Antep F\u0131st\u0131kl\u0131 Mini \u00c7ifte Kavrulmu\u015f Lokum"},"content":{"rendered":"","protected":false},"excerpt":{"rendered":"","protected":false},"featured_media":785,"comment_status":"open","ping_status":"closed","template":"","meta":[],"product_brand":[],"product_cat":[40],"product_tag":[],"class_list":{"0":"post-733","1":"product","2":"type-product","3":"status-publish","4":"has-post-thumbnail","6":"product_cat-lokumlar","8":"first","9":"instock","10":"shipping-taxable","11":"purchasable","12":"product-type-simple"},"_links":{"self":[{"href":"https:\/\/lale.dostumbenim.com\/index.php\/wp-json\/wp\/v2\/product\/733","targetHints":{"allow":["GET"]}}],"collection":[{"href":"https:\/\/lale.dostumbenim.com\/index.php\/wp-json\/wp\/v2\/product"}],"about":[{"href":"https:\/\/lale.dostumbenim.com\/index.php\/wp-json\/wp\/v2\/types\/product"}],"replies":[{"embeddable":true,"href":"https:\/\/lale.dostumbenim.com\/index.php\/wp-json\/wp\/v2\/comments?post=733"}],"wp:featuredmedia":[{"embeddable":true,"href":"https:\/\/lale.dostumbenim.com\/index.php\/wp-json\/wp\/v2\/media\/785"}],"wp:attachment":[{"href":"https:\/\/lale.dostumbenim.com\/index.php\/wp-json\/wp\/v2\/media?parent=733"}],"wp:term":[{"taxonomy":"product_brand","embeddable":true,"href":"https:\/\/lale.dostumbenim.com\/index.php\/wp-json\/wp\/v2\/product_brand?post=733"},{"taxonomy":"product_cat","embeddable":true,"href":"https:\/\/lale.dostumbenim.com\/index.php\/wp-json\/wp\/v2\/product_cat?post=733"},{"taxonomy":"product_tag","embeddable":true,"href":"https:\/\/lale.dostumbenim.com\/index.php\/wp-json\/wp\/v2\/product_tag?post=733"}],"curies":[{"name":"wp","href":"https:\/\/api.w.org\/{rel}","templated":true}]}}