{"id":744,"date":"2026-03-30T16:16:22","date_gmt":"2026-03-30T13:16:22","guid":{"rendered":"https:\/\/lale.dostumbenim.com\/index.php\/urun\/dokme-ciko-pismaniye-saf\/"},"modified":"2026-03-30T16:16:22","modified_gmt":"2026-03-30T13:16:22","slug":"dokme-ciko-pismaniye-saf","status":"publish","type":"product","link":"https:\/\/lale.dostumbenim.com\/index.php\/urun\/dokme-ciko-pismaniye-saf\/","title":{"rendered":"D\u00f6kme \u00c7iko Pi\u015fmaniye-Saf"},"content":{"rendered":"","protected":false},"excerpt":{"rendered":"","protected":false},"featured_media":0,"comment_status":"open","ping_status":"closed","template":"","meta":[],"product_brand":[],"product_cat":[41],"product_tag":[],"class_list":{"0":"post-744","1":"product","2":"type-product","3":"status-publish","5":"product_cat-pismaniyeler","7":"first","8":"instock","9":"shipping-taxable","10":"purchasable","11":"product-type-simple"},"_links":{"self":[{"href":"https:\/\/lale.dostumbenim.com\/index.php\/wp-json\/wp\/v2\/product\/744","targetHints":{"allow":["GET"]}}],"collection":[{"href":"https:\/\/lale.dostumbenim.com\/index.php\/wp-json\/wp\/v2\/product"}],"about":[{"href":"https:\/\/lale.dostumbenim.com\/index.php\/wp-json\/wp\/v2\/types\/product"}],"replies":[{"embeddable":true,"href":"https:\/\/lale.dostumbenim.com\/index.php\/wp-json\/wp\/v2\/comments?post=744"}],"wp:attachment":[{"href":"https:\/\/lale.dostumbenim.com\/index.php\/wp-json\/wp\/v2\/media?parent=744"}],"wp:term":[{"taxonomy":"product_brand","embeddable":true,"href":"https:\/\/lale.dostumbenim.com\/index.php\/wp-json\/wp\/v2\/product_brand?post=744"},{"taxonomy":"product_cat","embeddable":true,"href":"https:\/\/lale.dostumbenim.com\/index.php\/wp-json\/wp\/v2\/product_cat?post=744"},{"taxonomy":"product_tag","embeddable":true,"href":"https:\/\/lale.dostumbenim.com\/index.php\/wp-json\/wp\/v2\/product_tag?post=744"}],"curies":[{"name":"wp","href":"https:\/\/api.w.org\/{rel}","templated":true}]}}